{"id":560,"date":"2025-12-04T09:02:20","date_gmt":"2025-12-04T09:02:20","guid":{"rendered":"https:\/\/heroslam.com\/mentions-legales-et-politique-de-confidentialite\/"},"modified":"2026-01-27T20:00:25","modified_gmt":"2026-01-27T20:00:25","slug":"mentions-legales-et-politique-de-confidentialite","status":"publish","type":"page","link":"https:\/\/heroslam.com\/fr\/mentions-legales-et-politique-de-confidentialite\/","title":{"rendered":"Mentions L\u00e9gales et Politique de Confidentialit\u00e9"},"content":{"rendered":"\t\t<div data-elementor-type=\"wp-page\" data-elementor-id=\"560\" class=\"elementor elementor-560 elementor-120\" data-elementor-post-type=\"page\">\n\t\t\t\t<div class=\"elementor-element elementor-element-daa7096 e-flex e-con-boxed e-con e-parent\" data-id=\"daa7096\" data-element_type=\"container\">\n\t\t\t\t\t<div class=\"e-con-inner\">\n\t\t\t\t<div class=\"elementor-element elementor-element-1d36a5b elementor-widget elementor-widget-text-editor\" data-id=\"1d36a5b\" data-element_type=\"widget\" data-widget_type=\"text-editor.default\">\n\t\t\t\t\t\t\t\t\t<p>Le pr\u00e9sent avis l\u00e9gal (ci-apr\u00e8s, les \u00ab Mentions L\u00e9gales \u00bb) r\u00e9git l&rsquo;utilisation du service du portail Internet WWW.HEROSLAM.COM (ci-apr\u00e8s, le \u00ab Site Web \u00bb) de HEROSLAM, SAL dont le si\u00e8ge social est situ\u00e9 \u00e0 POLIGONO INDUSTRIAL CAMPILLO 20, ABANTO Y CIERVANA\/ABANTO ZIERBENA, 48500, BIZKAIA, avec NIF A48571269.<\/p>\t\t\t\t\t\t\t\t<\/div>\n\t\t\t\t<div class=\"elementor-element elementor-element-98bb56f elementor-widget elementor-widget-heading\" data-id=\"98bb56f\" data-element_type=\"widget\" data-widget_type=\"heading.default\">\n\t\t\t\t\t<h2 class=\"elementor-heading-title elementor-size-default\">L\u00e9gislation<\/h2>\t\t\t\t<\/div>\n\t\t\t\t<div class=\"elementor-element elementor-element-eb88c93 elementor-widget elementor-widget-text-editor\" data-id=\"eb88c93\" data-element_type=\"widget\" data-widget_type=\"text-editor.default\">\n\t\t\t\t\t\t\t\t\t<p>De mani\u00e8re g\u00e9n\u00e9rale, les relations entre HEROSLAM, SAL et les Utilisateurs de ses services t\u00e9l\u00e9matiques, pr\u00e9sents sur le site web, sont soumises \u00e0 la l\u00e9gislation et \u00e0 la juridiction espagnoles.<\/p><p>Les parties renoncent express\u00e9ment au for qui pourrait leur correspondre et se soumettent express\u00e9ment aux Tribunaux et Cours de Barakaldo pour r\u00e9soudre tout litige pouvant survenir dans l&rsquo;interpr\u00e9tation ou l&rsquo;ex\u00e9cution des pr\u00e9sentes conditions contractuelles.<\/p>\t\t\t\t\t\t\t\t<\/div>\n\t\t\t\t<div class=\"elementor-element elementor-element-526e4d5 elementor-widget elementor-widget-heading\" data-id=\"526e4d5\" data-element_type=\"widget\" data-widget_type=\"heading.default\">\n\t\t\t\t\t<h2 class=\"elementor-heading-title elementor-size-default\">Contenu et utilisation<\/h2>\t\t\t\t<\/div>\n\t\t\t\t<div class=\"elementor-element elementor-element-5ed4dfa elementor-widget elementor-widget-text-editor\" data-id=\"5ed4dfa\" data-element_type=\"widget\" data-widget_type=\"text-editor.default\">\n\t\t\t\t\t\t\t\t\t<p>L&rsquo;Utilisateur est inform\u00e9 et accepte que l&rsquo;acc\u00e8s au pr\u00e9sent site web ne constitue en aucun cas le d\u00e9but d&rsquo;une relation commerciale avec HEROSLAM, SAL.<\/p><p>Le propri\u00e9taire du site web ne s&rsquo;identifie pas aux opinions exprim\u00e9es sur celui-ci par ses collaborateurs. La Soci\u00e9t\u00e9 se r\u00e9serve le droit d&rsquo;apporter, sans pr\u00e9avis, les modifications qu&rsquo;elle jugera opportunes sur son Site Web, pouvant changer, supprimer ou ajouter aussi bien les contenus et services fournis par son interm\u00e9diaire que la mani\u00e8re dont ceux-ci sont pr\u00e9sent\u00e9s ou localis\u00e9s sur ses serveurs. <\/p>\t\t\t\t\t\t\t\t<\/div>\n\t\t\t\t<div class=\"elementor-element elementor-element-9f089a9 elementor-widget elementor-widget-heading\" data-id=\"9f089a9\" data-element_type=\"widget\" data-widget_type=\"heading.default\">\n\t\t\t\t\t<h2 class=\"elementor-heading-title elementor-size-default\">Propri\u00e9t\u00e9 intellectuelle et industrielle<\/h2>\t\t\t\t<\/div>\n\t\t\t\t<div class=\"elementor-element elementor-element-043e226 elementor-widget elementor-widget-text-editor\" data-id=\"043e226\" data-element_type=\"widget\" data-widget_type=\"text-editor.default\">\n\t\t\t\t\t\t\t\t\t<p>Les droits de propri\u00e9t\u00e9 intellectuelle du contenu des pages web, de leur conception graphique et de leurs codes sont la propri\u00e9t\u00e9 de HEROSLAM, SAL et, par cons\u00e9quent, leur reproduction, distribution, communication publique, transformation ou toute autre activit\u00e9 pouvant \u00eatre r\u00e9alis\u00e9e avec les contenus de ses pages web est interdite, m\u00eame en citant les sources, sauf consentement \u00e9crit de HEROSLAM, SAL. Toutes les raisons sociales, marques ou signes distinctifs de toute sorte contenus dans les pages web de la Soci\u00e9t\u00e9 sont la propri\u00e9t\u00e9 de leurs d\u00e9tenteurs et sont prot\u00e9g\u00e9s par la loi. <\/p>\t\t\t\t\t\t\t\t<\/div>\n\t\t\t\t<div class=\"elementor-element elementor-element-18d0b5f elementor-widget elementor-widget-heading\" data-id=\"18d0b5f\" data-element_type=\"widget\" data-widget_type=\"heading.default\">\n\t\t\t\t\t<h2 class=\"elementor-heading-title elementor-size-default\">Liens (Links)\n<\/h2>\t\t\t\t<\/div>\n\t\t\t\t<div class=\"elementor-element elementor-element-5ab4736 elementor-widget elementor-widget-text-editor\" data-id=\"5ab4736\" data-element_type=\"widget\" data-widget_type=\"text-editor.default\">\n\t\t\t\t\t\t\t\t\t<p>La pr\u00e9sence de liens (links) sur les pages web de HEROSLAM, SAL a un but purement informatif et ne constitue en aucun cas une suggestion, une invitation ou une recommandation \u00e0 leur sujet.<\/p>\t\t\t\t\t\t\t\t<\/div>\n\t\t\t\t<div class=\"elementor-element elementor-element-e9f110a elementor-widget elementor-widget-heading\" data-id=\"e9f110a\" data-element_type=\"widget\" data-widget_type=\"heading.default\">\n\t\t\t\t\t<h2 class=\"elementor-heading-title elementor-size-default\">Confidentialit\u00e9 et Protection des Donn\u00e9es<\/h2>\t\t\t\t<\/div>\n\t\t\t\t<div class=\"elementor-element elementor-element-bd21146 elementor-widget elementor-widget-text-editor\" data-id=\"bd21146\" data-element_type=\"widget\" data-widget_type=\"text-editor.default\">\n\t\t\t\t\t\t\t\t\t<p>Conform\u00e9ment au RGPD du 27 avril 2016, HEROSLAM, SAL informe l&rsquo;Utilisateur de l&rsquo;existence d&rsquo;un traitement automatis\u00e9 de donn\u00e9es \u00e0 caract\u00e8re personnel cr\u00e9\u00e9 par et pour HEROSLAM, SAL et sous sa responsabilit\u00e9, dans le but d&rsquo;assurer la maintenance et la gestion de la relation avec l&rsquo;Utilisateur, ainsi que les t\u00e2ches d&rsquo;information. Au moment de l&rsquo;acceptation des pr\u00e9sentes conditions g\u00e9n\u00e9rales, HEROSLAM, SAL aura besoin que l&rsquo;Utilisateur fournisse certaines donn\u00e9es indispensables \u00e0 la prestation de ses services. <\/p>\t\t\t\t\t\t\t\t<\/div>\n\t\t\t\t<div class=\"elementor-element elementor-element-a4ef5bb elementor-widget elementor-widget-heading\" data-id=\"a4ef5bb\" data-element_type=\"widget\" data-widget_type=\"heading.default\">\n\t\t\t\t\t<h2 class=\"elementor-heading-title elementor-size-default\">Registre des fichiers et formulaires<\/h2>\t\t\t\t<\/div>\n\t\t\t\t<div class=\"elementor-element elementor-element-3a48a84 elementor-widget elementor-widget-text-editor\" data-id=\"3a48a84\" data-element_type=\"widget\" data-widget_type=\"text-editor.default\">\n\t\t\t\t\t\t\t\t\t<p>La compl\u00e9tion du formulaire d&rsquo;inscription est obligatoire pour acc\u00e9der et profiter de certains services offerts sur le site web. Le fait de ne pas fournir les donn\u00e9es personnelles demand\u00e9es ou de ne pas accepter la pr\u00e9sente politique de protection des donn\u00e9es<br> <br> <\/p><p>Conform\u00e9ment au RGPD du 27 avril 2016, nous vous informons que les donn\u00e9es personnelles obtenues suite \u00e0 votre inscription en tant qu&rsquo;Utilisateur seront incorpor\u00e9es dans un fichier appartenant \u00e0 HEROSLAM, SAL avec NIF A48571269 et si\u00e8ge \u00e0 POLIGONO INDUSTRIAL CAMPILLO 20, ABANTO Y CIERVANA\/ABANTO ZIERBENA, 48500, BIZKAIA, ayant mis en \u0153uvre les mesures de s\u00e9curit\u00e9 \u00e9tablies par le D\u00e9cret Royal 1720\/2007 du 11 juin.<\/p>\t\t\t\t\t\t\t\t<\/div>\n\t\t\t\t<div class=\"elementor-element elementor-element-ea9ef19 elementor-widget elementor-widget-heading\" data-id=\"ea9ef19\" data-element_type=\"widget\" data-widget_type=\"heading.default\">\n\t\t\t\t\t<h2 class=\"elementor-heading-title elementor-size-default\">Exactitude et v\u00e9racit\u00e9 des donn\u00e9es fournies<\/h2>\t\t\t\t<\/div>\n\t\t\t\t<div class=\"elementor-element elementor-element-8cbe7ea elementor-widget elementor-widget-text-editor\" data-id=\"8cbe7ea\" data-element_type=\"widget\" data-widget_type=\"text-editor.default\">\n\t\t\t\t\t\t\t\t\t<p>L&rsquo;Utilisateur est le seul responsable de la v\u00e9racit\u00e9 et de l&rsquo;exactitude des donn\u00e9es incluses, d\u00e9gageant HEROSLAM, SAL de toute responsabilit\u00e9 \u00e0 cet \u00e9gard. Les utilisateurs garantissent et r\u00e9pondent, en tout cas, de l&rsquo;exactitude, de la validit\u00e9 et de l&rsquo;authenticit\u00e9 des donn\u00e9es personnelles fournies, et s&rsquo;engagent \u00e0 les maintenir d\u00fbment mises \u00e0 jour. L&rsquo;utilisateur accepte de fournir une information compl\u00e8te et correcte dans le formulaire d&rsquo;inscription ou d&rsquo;abonnement. HEROSLAM, SAL ne r\u00e9pond pas de la v\u00e9racit\u00e9 des informations qui ne sont pas de sa propre \u00e9laboration et dont une autre source est indiqu\u00e9e, et n&rsquo;assume donc aucune responsabilit\u00e9 quant aux \u00e9ventuels pr\u00e9judices qui pourraient d\u00e9couler de l&rsquo;utilisation de ladite information. HEROSLAM, SAL se r\u00e9serve le droit de mettre \u00e0 jour, modifier ou supprimer les informations contenues dans ses pages web, pouvant m\u00eame limiter ou interdire l&rsquo;acc\u00e8s \u00e0 ces informations. HEROSLAM, SAL est d\u00e9gag\u00e9e de toute responsabilit\u00e9 pour tout dommage ou pr\u00e9judice que pourrait subir l&rsquo;Utilisateur suite \u00e0 des erreurs, d\u00e9fauts ou omissions dans les informations fournies par HEROSLAM, SAL d\u00e8s lors qu&rsquo;elles proviennent de sources ext\u00e9rieures \u00e0 HEROSLAM, SAL.     <\/p>\t\t\t\t\t\t\t\t<\/div>\n\t\t\t\t<div class=\"elementor-element elementor-element-5241a61 elementor-widget elementor-widget-heading\" data-id=\"5241a61\" data-element_type=\"widget\" data-widget_type=\"heading.default\">\n\t\t\t\t\t<h2 class=\"elementor-heading-title elementor-size-default\">Cookies<\/h2>\t\t\t\t<\/div>\n\t\t\t\t<div class=\"elementor-element elementor-element-d4624ac elementor-widget elementor-widget-text-editor\" data-id=\"d4624ac\" data-element_type=\"widget\" data-widget_type=\"text-editor.default\">\n\t\t\t\t\t\t\t\t\t<p>Le site www.heroslam.com utilise des cookies, consid\u00e9r\u00e9s comme des fichiers physiques d&rsquo;information h\u00e9berg\u00e9s sur le terminal m\u00eame de l&rsquo;utilisateur et servant \u00e0 faciliter la navigation de l&rsquo;utilisateur sur le portail. Dans tous les cas, l&rsquo;utilisateur a la possibilit\u00e9 de configurer son navigateur de mani\u00e8re \u00e0 emp\u00eacher l&rsquo;installation de ces fichiers. Voir la politique de cookies.  <\/p>\t\t\t\t\t\t\t\t<\/div>\n\t\t\t\t<div class=\"elementor-element elementor-element-9c18a65 elementor-widget elementor-widget-heading\" data-id=\"9c18a65\" data-element_type=\"widget\" data-widget_type=\"heading.default\">\n\t\t\t\t\t<h2 class=\"elementor-heading-title elementor-size-default\">Finalit\u00e9s<\/h2>\t\t\t\t<\/div>\n\t\t\t\t<div class=\"elementor-element elementor-element-4d324a6 elementor-widget elementor-widget-text-editor\" data-id=\"4d324a6\" data-element_type=\"widget\" data-widget_type=\"text-editor.default\">\n\t\t\t\t\t\t\t\t\t<p>Les finalit\u00e9s de HEROSLAM, SAL sont le maintien et la gestion de la relation avec l&rsquo;Utilisateur, ainsi que les t\u00e2ches d&rsquo;information. Parmi elles, on peut citer : <\/p><ul><li>Mettre \u00e0 disposition de nos clients (existants et potentiels) notre Service d&rsquo;Assistance Client (Customer Assistance Center).<br><\/li><li>Envoyer des offres et devis d&rsquo;outillage.<\/li><li>Conseiller techniquement sur notre gamme d&rsquo;outils, mat\u00e9riaux et rev\u00eatements sp\u00e9ciaux qui s&rsquo;adaptent le mieux \u00e0 chaque application de filetage.<\/li><li>Concevoir des outils sur mesure pour des applications sp\u00e9ciales.<\/li><li>R\u00e9pondre aux questions concernant notre service de r\u00e9cup\u00e9ration d&rsquo;outillage.<\/li><\/ul>\t\t\t\t\t\t\t\t<\/div>\n\t\t\t\t<div class=\"elementor-element elementor-element-abd0462 elementor-widget elementor-widget-heading\" data-id=\"abd0462\" data-element_type=\"widget\" data-widget_type=\"heading.default\">\n\t\t\t\t\t<h2 class=\"elementor-heading-title elementor-size-default\">Mineurs<\/h2>\t\t\t\t<\/div>\n\t\t\t\t<div class=\"elementor-element elementor-element-b1a27b5 elementor-widget elementor-widget-text-editor\" data-id=\"b1a27b5\" data-element_type=\"widget\" data-widget_type=\"text-editor.default\">\n\t\t\t\t\t\t\t\t\t<p>Dans le cas o\u00f9 certains de nos services seraient sp\u00e9cifiquement destin\u00e9s aux mineurs, HEROSLAM, SAL demandera le consentement des parents ou tuteurs pour la collecte des donn\u00e9es personnelles ou, le cas \u00e9ch\u00e9ant, pour le traitement automatis\u00e9 des donn\u00e9es.<\/p>\t\t\t\t\t\t\t\t<\/div>\n\t\t\t\t<div class=\"elementor-element elementor-element-699d587 elementor-widget elementor-widget-heading\" data-id=\"699d587\" data-element_type=\"widget\" data-widget_type=\"heading.default\">\n\t\t\t\t\t<h2 class=\"elementor-heading-title elementor-size-default\">Cession des donn\u00e9es \u00e0 des tiers\n<\/h2>\t\t\t\t<\/div>\n\t\t\t\t<div class=\"elementor-element elementor-element-d0fdca5 elementor-widget elementor-widget-text-editor\" data-id=\"d0fdca5\" data-element_type=\"widget\" data-widget_type=\"text-editor.default\">\n\t\t\t\t\t\t\t\t\t<p>HEROSLAM, SAL ne proc\u00e9dera \u00e0 aucune cession des donn\u00e9es des utilisateurs \u00e0 des tiers.<\/p>\t\t\t\t\t\t\t\t<\/div>\n\t\t\t\t<div class=\"elementor-element elementor-element-35727a8 elementor-widget elementor-widget-heading\" data-id=\"35727a8\" data-element_type=\"widget\" data-widget_type=\"heading.default\">\n\t\t\t\t\t<h2 class=\"elementor-heading-title elementor-size-default\">Exercice des droits d'acc\u00e8s, de rectification, d'annulation et d'opposition<\/h2>\t\t\t\t<\/div>\n\t\t\t\t<div class=\"elementor-element elementor-element-f52c472 elementor-widget elementor-widget-text-editor\" data-id=\"f52c472\" data-element_type=\"widget\" data-widget_type=\"text-editor.default\">\n\t\t\t\t\t\t\t\t\t<p>Vous pouvez adresser vos communications et exercer vos droits d&rsquo;acc\u00e8s, de rectification, de suppression, de limitation, de portabilit\u00e9 et d&rsquo;opposition \u00e0 l&rsquo;adresse Internet WWW.HEROSLAM.COM ou par courrier ordinaire adress\u00e9 \u00e0 HEROSLAM, SAL, Ref. RGPD, \u00e0 POLIGONO INDUSTRIAL CAMPILLO 20, ABANTO Y CIERVANA\/ABANTO ZIERBENA, 48500, BIZKAIA. Pour exercer ces droits, il est n\u00e9cessaire que vous justifiiez de votre identit\u00e9 aupr\u00e8s de HEROSLAM, SAL en envoyant une photocopie de votre Carte Nationale d&rsquo;Identit\u00e9 ou tout autre moyen valable en Droit. Cependant, la modification ou la rectification de vos donn\u00e9es d&rsquo;inscription peut \u00eatre effectu\u00e9e sur le Site lui-m\u00eame, en vous identifiant au pr\u00e9alable avec votre nom d&rsquo;utilisateur et votre mot de passe.   <\/p>\t\t\t\t\t\t\t\t<\/div>\n\t\t\t\t<div class=\"elementor-element elementor-element-57a8789 elementor-widget elementor-widget-heading\" data-id=\"57a8789\" data-element_type=\"widget\" data-widget_type=\"heading.default\">\n\t\t\t\t\t<h2 class=\"elementor-heading-title elementor-size-default\">Mesures de s\u00e9curit\u00e9<\/h2>\t\t\t\t<\/div>\n\t\t\t\t<div class=\"elementor-element elementor-element-e5e8205 elementor-widget elementor-widget-text-editor\" data-id=\"e5e8205\" data-element_type=\"widget\" data-widget_type=\"text-editor.default\">\n\t\t\t\t\t\t\t\t\t<p>HEROSLAM, SAL a adopt\u00e9 les niveaux de s\u00e9curit\u00e9 de protection des Donn\u00e9es Personnelles l\u00e9galement requis, et s&rsquo;efforce d&rsquo;installer les autres moyens et mesures techniques suppl\u00e9mentaires \u00e0 sa port\u00e9e pour \u00e9viter la perte, la mauvaise utilisation, l&rsquo;alt\u00e9ration, l&rsquo;acc\u00e8s non autoris\u00e9 et le vol des Donn\u00e9es Personnelles fournies \u00e0 HEROSLAM, SAL. HEROSLAM, SAL ne sera pas responsable d&rsquo;\u00e9ventuels dommages ou pr\u00e9judices qui pourraient d\u00e9couler d&rsquo;interf\u00e9rences, d&rsquo;omissions, d&rsquo;interruptions, de virus informatiques, de pannes t\u00e9l\u00e9phoniques ou de d\u00e9connexions dans le fonctionnement op\u00e9rationnel de ce syst\u00e8me \u00e9lectronique, motiv\u00e9s par des causes \u00e9trang\u00e8res \u00e0 HEROSLAM, SAL ; de retards ou de blocages dans l&rsquo;utilisation du pr\u00e9sent syst\u00e8me \u00e9lectronique caus\u00e9s par des d\u00e9ficiences ou des surcharges des lignes t\u00e9l\u00e9phoniques ou des surcharges dans le Centre de Traitement des Donn\u00e9es, dans le syst\u00e8me Internet ou dans d&rsquo;autres syst\u00e8mes \u00e9lectroniques, ainsi que des dommages qui pourraient \u00eatre caus\u00e9s par des tiers au moyen d&rsquo;intromissions ill\u00e9gitimes hors du contr\u00f4le de HEROSLAM, SAL. Cela dit, l&rsquo;Utilisateur doit \u00eatre conscient que les mesures de s\u00e9curit\u00e9 sur Internet ne sont pas inexpugnables. <\/p>\t\t\t\t\t\t\t\t<\/div>\n\t\t\t\t<div class=\"elementor-element elementor-element-2cd8613 elementor-widget elementor-widget-heading\" data-id=\"2cd8613\" data-element_type=\"widget\" data-widget_type=\"heading.default\">\n\t\t\t\t\t<h2 class=\"elementor-heading-title elementor-size-default\">Acceptation et consentement<\/h2>\t\t\t\t<\/div>\n\t\t\t\t<div class=\"elementor-element elementor-element-feec83f elementor-widget elementor-widget-text-editor\" data-id=\"feec83f\" data-element_type=\"widget\" data-widget_type=\"text-editor.default\">\n\t\t\t\t\t\t\t\t\t<p>L&rsquo;utilisateur d\u00e9clare avoir \u00e9t\u00e9 inform\u00e9 des conditions relatives \u00e0 la protection des donn\u00e9es personnelles, acceptant et consentant au traitement automatis\u00e9 de celles-ci par HEROSLAM, SAL, de la mani\u00e8re et pour les finalit\u00e9s indiqu\u00e9es dans la pr\u00e9sente Politique de Protection des Donn\u00e9es Personnelles. Certains services fournis sur le Portail peuvent contenir des conditions particuli\u00e8res avec des dispositions sp\u00e9cifiques en mati\u00e8re de protection des Donn\u00e9es Personnelles.<br> <br> <\/p>\t\t\t\t\t\t\t\t<\/div>\n\t\t\t\t\t<\/div>\n\t\t\t\t<\/div>\n\t\t\t\t<\/div>\n\t\t","protected":false},"excerpt":{"rendered":"<p>Le pr\u00e9sent avis l\u00e9gal (ci-apr\u00e8s, les \u00ab Mentions L\u00e9gales \u00bb) r\u00e9git l&rsquo;utilisation du service du portail Internet WWW.HEROSLAM.COM (ci-apr\u00e8s, le \u00ab Site Web \u00bb) de HEROSLAM, SAL dont le si\u00e8ge social est situ\u00e9 \u00e0 POLIGONO INDUSTRIAL CAMPILLO 20, ABANTO Y CIERVANA\/ABANTO ZIERBENA, 48500, BIZKAIA, avec NIF A48571269. L\u00e9gislation De mani\u00e8re g\u00e9n\u00e9rale, les relations entre HEROSLAM, [&hellip;]<\/p>\n","protected":false},"author":1,"featured_media":0,"parent":0,"menu_order":0,"comment_status":"closed","ping_status":"closed","template":"","meta":{"footnotes":""},"class_list":["post-560","page","type-page","status-publish","hentry"],"yoast_head":"<!-- This site is optimized with the Yoast SEO plugin v27.5 - https:\/\/yoast.com\/product\/yoast-seo-wordpress\/ -->\n<title>Mentions L\u00e9gales et Politique de Confidentialit\u00e9 - Heroslam<\/title>\n<meta name=\"robots\" content=\"index, follow, max-snippet:-1, max-image-preview:large, max-video-preview:-1\" \/>\n<link rel=\"canonical\" href=\"https:\/\/heroslam.com\/politica-de-privacidad\/\" \/>\n<meta property=\"og:locale\" content=\"fr_FR\" \/>\n<meta property=\"og:type\" content=\"article\" \/>\n<meta property=\"og:title\" content=\"Mentions L\u00e9gales et Politique de Confidentialit\u00e9 - Heroslam\" \/>\n<meta property=\"og:description\" content=\"Le pr\u00e9sent avis l\u00e9gal (ci-apr\u00e8s, les \u00ab Mentions L\u00e9gales \u00bb) r\u00e9git l&rsquo;utilisation du service du portail Internet WWW.HEROSLAM.COM (ci-apr\u00e8s, le \u00ab Site Web \u00bb) de HEROSLAM, SAL dont le si\u00e8ge social est situ\u00e9 \u00e0 POLIGONO INDUSTRIAL CAMPILLO 20, ABANTO Y CIERVANA\/ABANTO ZIERBENA, 48500, BIZKAIA, avec NIF A48571269. L\u00e9gislation De mani\u00e8re g\u00e9n\u00e9rale, les relations entre HEROSLAM, [&hellip;]\" \/>\n<meta property=\"og:url\" content=\"https:\/\/heroslam.com\/politica-de-privacidad\/\" \/>\n<meta property=\"og:site_name\" content=\"Heroslam\" \/>\n<meta property=\"article:modified_time\" content=\"2026-01-27T20:00:25+00:00\" \/>\n<meta name=\"twitter:card\" content=\"summary_large_image\" \/>\n<meta name=\"twitter:label1\" content=\"Dur\u00e9e de lecture estim\u00e9e\" \/>\n\t<meta name=\"twitter:data1\" content=\"7 minutes\" \/>\n<script type=\"application\/ld+json\" class=\"yoast-schema-graph\">{\"@context\":\"https:\\\/\\\/schema.org\",\"@graph\":[{\"@type\":\"WebPage\",\"@id\":\"https:\\\/\\\/heroslam.com\\\/politica-de-privacidad\\\/\",\"url\":\"https:\\\/\\\/heroslam.com\\\/politica-de-privacidad\\\/\",\"name\":\"Mentions L\u00e9gales et Politique de Confidentialit\u00e9 - Heroslam\",\"isPartOf\":{\"@id\":\"https:\\\/\\\/heroslam.com\\\/#website\"},\"datePublished\":\"2025-12-04T09:02:20+00:00\",\"dateModified\":\"2026-01-27T20:00:25+00:00\",\"breadcrumb\":{\"@id\":\"https:\\\/\\\/heroslam.com\\\/politica-de-privacidad\\\/#breadcrumb\"},\"inLanguage\":\"fr-FR\",\"potentialAction\":[{\"@type\":\"ReadAction\",\"target\":[\"https:\\\/\\\/heroslam.com\\\/politica-de-privacidad\\\/\"]}]},{\"@type\":\"BreadcrumbList\",\"@id\":\"https:\\\/\\\/heroslam.com\\\/politica-de-privacidad\\\/#breadcrumb\",\"itemListElement\":[{\"@type\":\"ListItem\",\"position\":1,\"name\":\"Portada\",\"item\":\"https:\\\/\\\/heroslam.com\\\/\"},{\"@type\":\"ListItem\",\"position\":2,\"name\":\"Mentions L\u00e9gales et Politique de Confidentialit\u00e9\"}]},{\"@type\":\"WebSite\",\"@id\":\"https:\\\/\\\/heroslam.com\\\/#website\",\"url\":\"https:\\\/\\\/heroslam.com\\\/\",\"name\":\"Heroslam\",\"description\":\"\",\"publisher\":{\"@id\":\"https:\\\/\\\/heroslam.com\\\/#organization\"},\"potentialAction\":[{\"@type\":\"SearchAction\",\"target\":{\"@type\":\"EntryPoint\",\"urlTemplate\":\"https:\\\/\\\/heroslam.com\\\/?s={search_term_string}\"},\"query-input\":{\"@type\":\"PropertyValueSpecification\",\"valueRequired\":true,\"valueName\":\"search_term_string\"}}],\"inLanguage\":\"fr-FR\"},{\"@type\":\"Organization\",\"@id\":\"https:\\\/\\\/heroslam.com\\\/#organization\",\"name\":\"Heroslam\",\"url\":\"https:\\\/\\\/heroslam.com\\\/\",\"logo\":{\"@type\":\"ImageObject\",\"inLanguage\":\"fr-FR\",\"@id\":\"https:\\\/\\\/heroslam.com\\\/#\\\/schema\\\/logo\\\/image\\\/\",\"url\":\"https:\\\/\\\/heroslam.com\\\/wp-content\\\/uploads\\\/2025\\\/12\\\/logo.png\",\"contentUrl\":\"https:\\\/\\\/heroslam.com\\\/wp-content\\\/uploads\\\/2025\\\/12\\\/logo.png\",\"width\":850,\"height\":250,\"caption\":\"Heroslam\"},\"image\":{\"@id\":\"https:\\\/\\\/heroslam.com\\\/#\\\/schema\\\/logo\\\/image\\\/\"}}]}<\/script>\n<!-- \/ Yoast SEO plugin. -->","yoast_head_json":{"title":"Mentions L\u00e9gales et Politique de Confidentialit\u00e9 - Heroslam","robots":{"index":"index","follow":"follow","max-snippet":"max-snippet:-1","max-image-preview":"max-image-preview:large","max-video-preview":"max-video-preview:-1"},"canonical":"https:\/\/heroslam.com\/politica-de-privacidad\/","og_locale":"fr_FR","og_type":"article","og_title":"Mentions L\u00e9gales et Politique de Confidentialit\u00e9 - Heroslam","og_description":"Le pr\u00e9sent avis l\u00e9gal (ci-apr\u00e8s, les \u00ab Mentions L\u00e9gales \u00bb) r\u00e9git l&rsquo;utilisation du service du portail Internet WWW.HEROSLAM.COM (ci-apr\u00e8s, le \u00ab Site Web \u00bb) de HEROSLAM, SAL dont le si\u00e8ge social est situ\u00e9 \u00e0 POLIGONO INDUSTRIAL CAMPILLO 20, ABANTO Y CIERVANA\/ABANTO ZIERBENA, 48500, BIZKAIA, avec NIF A48571269. L\u00e9gislation De mani\u00e8re g\u00e9n\u00e9rale, les relations entre HEROSLAM, [&hellip;]","og_url":"https:\/\/heroslam.com\/politica-de-privacidad\/","og_site_name":"Heroslam","article_modified_time":"2026-01-27T20:00:25+00:00","twitter_card":"summary_large_image","twitter_misc":{"Dur\u00e9e de lecture estim\u00e9e":"7 minutes"},"schema":{"@context":"https:\/\/schema.org","@graph":[{"@type":"WebPage","@id":"https:\/\/heroslam.com\/politica-de-privacidad\/","url":"https:\/\/heroslam.com\/politica-de-privacidad\/","name":"Mentions L\u00e9gales et Politique de Confidentialit\u00e9 - Heroslam","isPartOf":{"@id":"https:\/\/heroslam.com\/#website"},"datePublished":"2025-12-04T09:02:20+00:00","dateModified":"2026-01-27T20:00:25+00:00","breadcrumb":{"@id":"https:\/\/heroslam.com\/politica-de-privacidad\/#breadcrumb"},"inLanguage":"fr-FR","potentialAction":[{"@type":"ReadAction","target":["https:\/\/heroslam.com\/politica-de-privacidad\/"]}]},{"@type":"BreadcrumbList","@id":"https:\/\/heroslam.com\/politica-de-privacidad\/#breadcrumb","itemListElement":[{"@type":"ListItem","position":1,"name":"Portada","item":"https:\/\/heroslam.com\/"},{"@type":"ListItem","position":2,"name":"Mentions L\u00e9gales et Politique de Confidentialit\u00e9"}]},{"@type":"WebSite","@id":"https:\/\/heroslam.com\/#website","url":"https:\/\/heroslam.com\/","name":"Heroslam","description":"","publisher":{"@id":"https:\/\/heroslam.com\/#organization"},"potentialAction":[{"@type":"SearchAction","target":{"@type":"EntryPoint","urlTemplate":"https:\/\/heroslam.com\/?s={search_term_string}"},"query-input":{"@type":"PropertyValueSpecification","valueRequired":true,"valueName":"search_term_string"}}],"inLanguage":"fr-FR"},{"@type":"Organization","@id":"https:\/\/heroslam.com\/#organization","name":"Heroslam","url":"https:\/\/heroslam.com\/","logo":{"@type":"ImageObject","inLanguage":"fr-FR","@id":"https:\/\/heroslam.com\/#\/schema\/logo\/image\/","url":"https:\/\/heroslam.com\/wp-content\/uploads\/2025\/12\/logo.png","contentUrl":"https:\/\/heroslam.com\/wp-content\/uploads\/2025\/12\/logo.png","width":850,"height":250,"caption":"Heroslam"},"image":{"@id":"https:\/\/heroslam.com\/#\/schema\/logo\/image\/"}}]}},"_links":{"self":[{"href":"https:\/\/heroslam.com\/fr\/wp-json\/wp\/v2\/pages\/560","targetHints":{"allow":["GET"]}}],"collection":[{"href":"https:\/\/heroslam.com\/fr\/wp-json\/wp\/v2\/pages"}],"about":[{"href":"https:\/\/heroslam.com\/fr\/wp-json\/wp\/v2\/types\/page"}],"author":[{"embeddable":true,"href":"https:\/\/heroslam.com\/fr\/wp-json\/wp\/v2\/users\/1"}],"replies":[{"embeddable":true,"href":"https:\/\/heroslam.com\/fr\/wp-json\/wp\/v2\/comments?post=560"}],"version-history":[{"count":1,"href":"https:\/\/heroslam.com\/fr\/wp-json\/wp\/v2\/pages\/560\/revisions"}],"predecessor-version":[{"id":561,"href":"https:\/\/heroslam.com\/fr\/wp-json\/wp\/v2\/pages\/560\/revisions\/561"}],"wp:attachment":[{"href":"https:\/\/heroslam.com\/fr\/wp-json\/wp\/v2\/media?parent=560"}],"curies":[{"name":"wp","href":"https:\/\/api.w.org\/{rel}","templated":true}]}}