{"id":530,"date":"2025-12-17T14:04:48","date_gmt":"2025-12-17T14:04:48","guid":{"rendered":"https:\/\/heroslam.com\/clous\/"},"modified":"2026-01-26T20:23:33","modified_gmt":"2026-01-26T20:23:33","slug":"clous","status":"publish","type":"page","link":"https:\/\/heroslam.com\/fr\/clous\/","title":{"rendered":"Clous"},"content":{"rendered":"\t\t<div data-elementor-type=\"wp-page\" data-elementor-id=\"530\" class=\"elementor elementor-530 elementor-391\" data-elementor-post-type=\"page\">\n\t\t\t\t<div class=\"elementor-element elementor-element-ee28077 e-flex e-con-boxed e-con e-parent\" data-id=\"ee28077\" data-element_type=\"container\" data-settings=\"{&quot;background_background&quot;:&quot;gradient&quot;}\">\n\t\t\t\t\t<div class=\"e-con-inner\">\n\t\t\t\t<div class=\"elementor-element elementor-element-94fc5f2 elementor-widget elementor-widget-heading\" data-id=\"94fc5f2\" data-element_type=\"widget\" data-widget_type=\"heading.default\">\n\t\t\t\t\t<h2 class=\"elementor-heading-title elementor-size-default\">Rouleaux et Secteurs pour la fabrication de clous de construction.<\/h2>\t\t\t\t<\/div>\n\t\t\t\t<div class=\"elementor-element elementor-element-cb4cd56 elementor-widget elementor-widget-text-editor\" data-id=\"cb4cd56\" data-element_type=\"widget\" data-widget_type=\"text-editor.default\">\n\t\t\t\t\t\t\t\t\t<p>Nous sommes des sp\u00e9cialistes dans la fabrication de rouleaux et secteurs (plan\u00e9taires) pour la production de clous. Nos outils plan\u00e9taires, rouleau secteur, jouissent d\u2019un prestige reconnu pour leur qualit\u00e9 et durabilit\u00e9. Les principaux fabricants de clous de construction au niveau mondial utilisent nos rouleaux et secteurs.<\/p>\t\t\t\t\t\t\t\t<\/div>\n\t\t\t\t\t<\/div>\n\t\t\t\t<\/div>\n\t\t<div class=\"elementor-element elementor-element-3852331 e-flex e-con-boxed e-con e-parent\" data-id=\"3852331\" data-element_type=\"container\">\n\t\t\t\t\t<div class=\"e-con-inner\">\n\t\t<div class=\"elementor-element elementor-element-156657d e-con-full e-flex e-con e-child\" data-id=\"156657d\" data-element_type=\"container\">\n\t\t\t\t<div class=\"elementor-element elementor-element-51c5fcf elementor-position-left elementor-view-default elementor-mobile-position-top elementor-widget elementor-widget-icon-box\" data-id=\"51c5fcf\" data-element_type=\"widget\" data-widget_type=\"icon-box.default\">\n\t\t\t\t\t\t\t<div class=\"elementor-icon-box-wrapper\">\n\n\t\t\t\t\t\t<div class=\"elementor-icon-box-icon\">\n\t\t\t\t<span  class=\"elementor-icon\">\n\t\t\t\t<svg aria-hidden=\"true\" class=\"e-font-icon-svg e-fas-medal\" viewBox=\"0 0 512 512\" xmlns=\"http:\/\/www.w3.org\/2000\/svg\"><path d=\"M223.75 130.75L154.62 15.54A31.997 31.997 0 0 0 127.18 0H16.03C3.08 0-4.5 14.57 2.92 25.18l111.27 158.96c29.72-27.77 67.52-46.83 109.56-53.39zM495.97 0H384.82c-11.24 0-21.66 5.9-27.44 15.54l-69.13 115.21c42.04 6.56 79.84 25.62 109.56 53.38L509.08 25.18C516.5 14.57 508.92 0 495.97 0zM256 160c-97.2 0-176 78.8-176 176s78.8 176 176 176 176-78.8 176-176-78.8-176-176-176zm92.52 157.26l-37.93 36.96 8.97 52.22c1.6 9.36-8.26 16.51-16.65 12.09L256 393.88l-46.9 24.65c-8.4 4.45-18.25-2.74-16.65-12.09l8.97-52.22-37.93-36.96c-6.82-6.64-3.05-18.23 6.35-19.59l52.43-7.64 23.43-47.52c2.11-4.28 6.19-6.39 10.28-6.39 4.11 0 8.22 2.14 10.33 6.39l23.43 47.52 52.43 7.64c9.4 1.36 13.17 12.95 6.35 19.59z\"><\/path><\/svg>\t\t\t\t<\/span>\n\t\t\t<\/div>\n\t\t\t\n\t\t\t\t\t\t<div class=\"elementor-icon-box-content\">\n\n\t\t\t\t\t\t\t\t\t<h3 class=\"elementor-icon-box-title\">\n\t\t\t\t\t\t<span  >\n\t\t\t\t\t\t\t Qualit\u00e9 et pr\u00e9cision\t\t\t\t\t\t<\/span>\n\t\t\t\t\t<\/h3>\n\t\t\t\t\n\t\t\t\t\t\t\t\t\t<p class=\"elementor-icon-box-description\">\n\t\t\t\t\t\tQualit\u00e9 et pr\u00e9cision de nos profils rectifi\u00e9s, qui garantissent une grande fiabilit\u00e9 et stabilit\u00e9 dans les processus de filetage de grande exigence, en garantissant une pr\u00e9cision de filetage \u00e9lev\u00e9e et en r\u00e9duisant les probl\u00e8mes de qualit\u00e9 sur la pi\u00e8ce finale\t\t\t\t\t<\/p>\n\t\t\t\t\n\t\t\t<\/div>\n\t\t\t\n\t\t<\/div>\n\t\t\t\t\t\t<\/div>\n\t\t\t\t<\/div>\n\t\t<div class=\"elementor-element elementor-element-a2dfb37 e-con-full e-flex e-con e-child\" data-id=\"a2dfb37\" data-element_type=\"container\">\n\t\t\t\t<div class=\"elementor-element elementor-element-bc74c24 elementor-position-left elementor-view-default elementor-mobile-position-top elementor-widget elementor-widget-icon-box\" data-id=\"bc74c24\" data-element_type=\"widget\" data-widget_type=\"icon-box.default\">\n\t\t\t\t\t\t\t<div class=\"elementor-icon-box-wrapper\">\n\n\t\t\t\t\t\t<div class=\"elementor-icon-box-icon\">\n\t\t\t\t<span  class=\"elementor-icon\">\n\t\t\t\t<svg aria-hidden=\"true\" class=\"e-font-icon-svg e-fas-calendar-plus\" viewBox=\"0 0 448 512\" xmlns=\"http:\/\/www.w3.org\/2000\/svg\"><path d=\"M436 160H12c-6.6 0-12-5.4-12-12v-36c0-26.5 21.5-48 48-48h48V12c0-6.6 5.4-12 12-12h40c6.6 0 12 5.4 12 12v52h128V12c0-6.6 5.4-12 12-12h40c6.6 0 12 5.4 12 12v52h48c26.5 0 48 21.5 48 48v36c0 6.6-5.4 12-12 12zM12 192h424c6.6 0 12 5.4 12 12v260c0 26.5-21.5 48-48 48H48c-26.5 0-48-21.5-48-48V204c0-6.6 5.4-12 12-12zm316 140c0-6.6-5.4-12-12-12h-60v-60c0-6.6-5.4-12-12-12h-40c-6.6 0-12 5.4-12 12v60h-60c-6.6 0-12 5.4-12 12v40c0 6.6 5.4 12 12 12h60v60c0 6.6 5.4 12 12 12h40c6.6 0 12-5.4 12-12v-60h60c6.6 0 12-5.4 12-12v-40z\"><\/path><\/svg>\t\t\t\t<\/span>\n\t\t\t<\/div>\n\t\t\t\n\t\t\t\t\t\t<div class=\"elementor-icon-box-content\">\n\n\t\t\t\t\t\t\t\t\t<h3 class=\"elementor-icon-box-title\">\n\t\t\t\t\t\t<span  >\n\t\t\t\t\t\t\tRouleaux et secteurs de longue dur\u00e9e\t\t\t\t\t\t<\/span>\n\t\t\t\t\t<\/h3>\n\t\t\t\t\n\t\t\t\t\t\t\t\t\t<p class=\"elementor-icon-box-description\">\n\t\t\t\t\t\tGr\u00e2ce \u00e0 nos designs de profils pour clous et \u00e0 la qualit\u00e9 de nos aciers et rev\u00eatements sp\u00e9ciaux pour le filetage de clous, nous fabriquons des rouleaux et secteurs de longue dur\u00e9e, en parvenant \u00e0 fileter un grand volume de clous si des changements d\u2019outil sont n\u00e9cessaires.\t\t\t\t\t<\/p>\n\t\t\t\t\n\t\t\t<\/div>\n\t\t\t\n\t\t<\/div>\n\t\t\t\t\t\t<\/div>\n\t\t\t\t<\/div>\n\t\t<div class=\"elementor-element elementor-element-b17bcd5 e-con-full e-flex e-con e-child\" data-id=\"b17bcd5\" data-element_type=\"container\">\n\t\t\t\t<div class=\"elementor-element elementor-element-ddd175a elementor-position-left elementor-view-default elementor-mobile-position-top elementor-widget elementor-widget-icon-box\" data-id=\"ddd175a\" data-element_type=\"widget\" data-widget_type=\"icon-box.default\">\n\t\t\t\t\t\t\t<div class=\"elementor-icon-box-wrapper\">\n\n\t\t\t\t\t\t<div class=\"elementor-icon-box-icon\">\n\t\t\t\t<span  class=\"elementor-icon\">\n\t\t\t\t<svg aria-hidden=\"true\" class=\"e-font-icon-svg e-fas-tools\" viewBox=\"0 0 512 512\" xmlns=\"http:\/\/www.w3.org\/2000\/svg\"><path d=\"M501.1 395.7L384 278.6c-23.1-23.1-57.6-27.6-85.4-13.9L192 158.1V96L64 0 0 64l96 128h62.1l106.6 106.6c-13.6 27.8-9.2 62.3 13.9 85.4l117.1 117.1c14.6 14.6 38.2 14.6 52.7 0l52.7-52.7c14.5-14.6 14.5-38.2 0-52.7zM331.7 225c28.3 0 54.9 11 74.9 31l19.4 19.4c15.8-6.9 30.8-16.5 43.8-29.5 37.1-37.1 49.7-89.3 37.9-136.7-2.2-9-13.5-12.1-20.1-5.5l-74.4 74.4-67.9-11.3L334 98.9l74.4-74.4c6.6-6.6 3.4-17.9-5.7-20.2-47.4-11.7-99.6.9-136.6 37.9-28.5 28.5-41.9 66.1-41.2 103.6l82.1 82.1c8.1-1.9 16.5-2.9 24.7-2.9zm-103.9 82l-56.7-56.7L18.7 402.8c-25 25-25 65.5 0 90.5s65.5 25 90.5 0l123.6-123.6c-7.6-19.9-9.9-41.6-5-62.7zM64 472c-13.2 0-24-10.8-24-24 0-13.3 10.7-24 24-24s24 10.7 24 24c0 13.2-10.7 24-24 24z\"><\/path><\/svg>\t\t\t\t<\/span>\n\t\t\t<\/div>\n\t\t\t\n\t\t\t\t\t\t<div class=\"elementor-icon-box-content\">\n\n\t\t\t\t\t\t\t\t\t<h3 class=\"elementor-icon-box-title\">\n\t\t\t\t\t\t<span  >\n\t\t\t\t\t\t\tService int\u00e9gral\t\t\t\t\t\t<\/span>\n\t\t\t\t\t<\/h3>\n\t\t\t\t\n\t\t\t\t\t\t\t\t\t<p class=\"elementor-icon-box-description\">\n\t\t\t\t\t\tConseil technique de premier niveau, fabrication d\u2019outils sur mesure et service de r\u00e9cup\u00e9ration d\u2019outils\t\t\t\t\t<\/p>\n\t\t\t\t\n\t\t\t<\/div>\n\t\t\t\n\t\t<\/div>\n\t\t\t\t\t\t<\/div>\n\t\t\t\t<\/div>\n\t\t\t\t\t<\/div>\n\t\t\t\t<\/div>\n\t\t\t\t<\/div>\n\t\t","protected":false},"excerpt":{"rendered":"<p>Rouleaux et Secteurs pour la fabrication de clous de construction. Nous sommes des sp\u00e9cialistes dans la fabrication de rouleaux et secteurs (plan\u00e9taires) pour la production de clous. Nos outils plan\u00e9taires, rouleau secteur, jouissent d\u2019un prestige reconnu pour leur qualit\u00e9 et durabilit\u00e9. Les principaux fabricants de clous de construction au niveau mondial utilisent nos rouleaux et [&hellip;]<\/p>\n","protected":false},"author":1,"featured_media":0,"parent":0,"menu_order":0,"comment_status":"closed","ping_status":"closed","template":"","meta":{"footnotes":""},"class_list":["post-530","page","type-page","status-publish","hentry"],"yoast_head":"<!-- This site is optimized with the Yoast SEO plugin v27.5 - https:\/\/yoast.com\/product\/yoast-seo-wordpress\/ -->\n<title>Clous - Heroslam<\/title>\n<meta name=\"robots\" content=\"index, follow, max-snippet:-1, max-image-preview:large, max-video-preview:-1\" \/>\n<link rel=\"canonical\" href=\"https:\/\/heroslam.com\/clavos\/\" \/>\n<meta property=\"og:locale\" content=\"fr_FR\" \/>\n<meta property=\"og:type\" content=\"article\" \/>\n<meta property=\"og:title\" content=\"Clous - Heroslam\" \/>\n<meta property=\"og:description\" content=\"Rouleaux et Secteurs pour la fabrication de clous de construction. Nous sommes des sp\u00e9cialistes dans la fabrication de rouleaux et secteurs (plan\u00e9taires) pour la production de clous. Nos outils plan\u00e9taires, rouleau secteur, jouissent d\u2019un prestige reconnu pour leur qualit\u00e9 et durabilit\u00e9. Les principaux fabricants de clous de construction au niveau mondial utilisent nos rouleaux et [&hellip;]\" \/>\n<meta property=\"og:url\" content=\"https:\/\/heroslam.com\/clavos\/\" \/>\n<meta property=\"og:site_name\" content=\"Heroslam\" \/>\n<meta property=\"article:modified_time\" content=\"2026-01-26T20:23:33+00:00\" \/>\n<meta name=\"twitter:card\" content=\"summary_large_image\" \/>\n<meta name=\"twitter:label1\" content=\"Dur\u00e9e de lecture estim\u00e9e\" \/>\n\t<meta name=\"twitter:data1\" content=\"1 minute\" \/>\n<script type=\"application\/ld+json\" class=\"yoast-schema-graph\">{\"@context\":\"https:\\\/\\\/schema.org\",\"@graph\":[{\"@type\":\"WebPage\",\"@id\":\"https:\\\/\\\/heroslam.com\\\/clavos\\\/\",\"url\":\"https:\\\/\\\/heroslam.com\\\/clavos\\\/\",\"name\":\"Clous - Heroslam\",\"isPartOf\":{\"@id\":\"https:\\\/\\\/heroslam.com\\\/#website\"},\"datePublished\":\"2025-12-17T14:04:48+00:00\",\"dateModified\":\"2026-01-26T20:23:33+00:00\",\"breadcrumb\":{\"@id\":\"https:\\\/\\\/heroslam.com\\\/clavos\\\/#breadcrumb\"},\"inLanguage\":\"fr-FR\",\"potentialAction\":[{\"@type\":\"ReadAction\",\"target\":[\"https:\\\/\\\/heroslam.com\\\/clavos\\\/\"]}]},{\"@type\":\"BreadcrumbList\",\"@id\":\"https:\\\/\\\/heroslam.com\\\/clavos\\\/#breadcrumb\",\"itemListElement\":[{\"@type\":\"ListItem\",\"position\":1,\"name\":\"Portada\",\"item\":\"https:\\\/\\\/heroslam.com\\\/\"},{\"@type\":\"ListItem\",\"position\":2,\"name\":\"Clous\"}]},{\"@type\":\"WebSite\",\"@id\":\"https:\\\/\\\/heroslam.com\\\/#website\",\"url\":\"https:\\\/\\\/heroslam.com\\\/\",\"name\":\"Heroslam\",\"description\":\"\",\"publisher\":{\"@id\":\"https:\\\/\\\/heroslam.com\\\/#organization\"},\"potentialAction\":[{\"@type\":\"SearchAction\",\"target\":{\"@type\":\"EntryPoint\",\"urlTemplate\":\"https:\\\/\\\/heroslam.com\\\/?s={search_term_string}\"},\"query-input\":{\"@type\":\"PropertyValueSpecification\",\"valueRequired\":true,\"valueName\":\"search_term_string\"}}],\"inLanguage\":\"fr-FR\"},{\"@type\":\"Organization\",\"@id\":\"https:\\\/\\\/heroslam.com\\\/#organization\",\"name\":\"Heroslam\",\"url\":\"https:\\\/\\\/heroslam.com\\\/\",\"logo\":{\"@type\":\"ImageObject\",\"inLanguage\":\"fr-FR\",\"@id\":\"https:\\\/\\\/heroslam.com\\\/#\\\/schema\\\/logo\\\/image\\\/\",\"url\":\"https:\\\/\\\/heroslam.com\\\/wp-content\\\/uploads\\\/2025\\\/12\\\/logo.png\",\"contentUrl\":\"https:\\\/\\\/heroslam.com\\\/wp-content\\\/uploads\\\/2025\\\/12\\\/logo.png\",\"width\":850,\"height\":250,\"caption\":\"Heroslam\"},\"image\":{\"@id\":\"https:\\\/\\\/heroslam.com\\\/#\\\/schema\\\/logo\\\/image\\\/\"}}]}<\/script>\n<!-- \/ Yoast SEO plugin. -->","yoast_head_json":{"title":"Clous - Heroslam","robots":{"index":"index","follow":"follow","max-snippet":"max-snippet:-1","max-image-preview":"max-image-preview:large","max-video-preview":"max-video-preview:-1"},"canonical":"https:\/\/heroslam.com\/clavos\/","og_locale":"fr_FR","og_type":"article","og_title":"Clous - Heroslam","og_description":"Rouleaux et Secteurs pour la fabrication de clous de construction. Nous sommes des sp\u00e9cialistes dans la fabrication de rouleaux et secteurs (plan\u00e9taires) pour la production de clous. Nos outils plan\u00e9taires, rouleau secteur, jouissent d\u2019un prestige reconnu pour leur qualit\u00e9 et durabilit\u00e9. Les principaux fabricants de clous de construction au niveau mondial utilisent nos rouleaux et [&hellip;]","og_url":"https:\/\/heroslam.com\/clavos\/","og_site_name":"Heroslam","article_modified_time":"2026-01-26T20:23:33+00:00","twitter_card":"summary_large_image","twitter_misc":{"Dur\u00e9e de lecture estim\u00e9e":"1 minute"},"schema":{"@context":"https:\/\/schema.org","@graph":[{"@type":"WebPage","@id":"https:\/\/heroslam.com\/clavos\/","url":"https:\/\/heroslam.com\/clavos\/","name":"Clous - Heroslam","isPartOf":{"@id":"https:\/\/heroslam.com\/#website"},"datePublished":"2025-12-17T14:04:48+00:00","dateModified":"2026-01-26T20:23:33+00:00","breadcrumb":{"@id":"https:\/\/heroslam.com\/clavos\/#breadcrumb"},"inLanguage":"fr-FR","potentialAction":[{"@type":"ReadAction","target":["https:\/\/heroslam.com\/clavos\/"]}]},{"@type":"BreadcrumbList","@id":"https:\/\/heroslam.com\/clavos\/#breadcrumb","itemListElement":[{"@type":"ListItem","position":1,"name":"Portada","item":"https:\/\/heroslam.com\/"},{"@type":"ListItem","position":2,"name":"Clous"}]},{"@type":"WebSite","@id":"https:\/\/heroslam.com\/#website","url":"https:\/\/heroslam.com\/","name":"Heroslam","description":"","publisher":{"@id":"https:\/\/heroslam.com\/#organization"},"potentialAction":[{"@type":"SearchAction","target":{"@type":"EntryPoint","urlTemplate":"https:\/\/heroslam.com\/?s={search_term_string}"},"query-input":{"@type":"PropertyValueSpecification","valueRequired":true,"valueName":"search_term_string"}}],"inLanguage":"fr-FR"},{"@type":"Organization","@id":"https:\/\/heroslam.com\/#organization","name":"Heroslam","url":"https:\/\/heroslam.com\/","logo":{"@type":"ImageObject","inLanguage":"fr-FR","@id":"https:\/\/heroslam.com\/#\/schema\/logo\/image\/","url":"https:\/\/heroslam.com\/wp-content\/uploads\/2025\/12\/logo.png","contentUrl":"https:\/\/heroslam.com\/wp-content\/uploads\/2025\/12\/logo.png","width":850,"height":250,"caption":"Heroslam"},"image":{"@id":"https:\/\/heroslam.com\/#\/schema\/logo\/image\/"}}]}},"_links":{"self":[{"href":"https:\/\/heroslam.com\/fr\/wp-json\/wp\/v2\/pages\/530","targetHints":{"allow":["GET"]}}],"collection":[{"href":"https:\/\/heroslam.com\/fr\/wp-json\/wp\/v2\/pages"}],"about":[{"href":"https:\/\/heroslam.com\/fr\/wp-json\/wp\/v2\/types\/page"}],"author":[{"embeddable":true,"href":"https:\/\/heroslam.com\/fr\/wp-json\/wp\/v2\/users\/1"}],"replies":[{"embeddable":true,"href":"https:\/\/heroslam.com\/fr\/wp-json\/wp\/v2\/comments?post=530"}],"version-history":[{"count":1,"href":"https:\/\/heroslam.com\/fr\/wp-json\/wp\/v2\/pages\/530\/revisions"}],"predecessor-version":[{"id":531,"href":"https:\/\/heroslam.com\/fr\/wp-json\/wp\/v2\/pages\/530\/revisions\/531"}],"wp:attachment":[{"href":"https:\/\/heroslam.com\/fr\/wp-json\/wp\/v2\/media?parent=530"}],"curies":[{"name":"wp","href":"https:\/\/api.w.org\/{rel}","templated":true}]}}